{"id":55,"date":"2024-09-07T17:59:50","date_gmt":"2024-09-07T16:59:50","guid":{"rendered":"https:\/\/koborlopanzio.hu\/?page_id=55"},"modified":"2024-09-13T08:08:33","modified_gmt":"2024-09-13T07:08:33","slug":"kutyas-frizbi-trening","status":"publish","type":"page","link":"https:\/\/koborlopanzio.hu\/?page_id=55","title":{"rendered":"KUTY\u00c1S FRIZBI TR\u00c9NING"},"content":{"rendered":"\t\t<div data-elementor-type=\"wp-page\" data-elementor-id=\"55\" class=\"elementor elementor-55\">\n\t\t\t\t<div class=\"elementor-element elementor-element-9835eae e-flex e-con-boxed e-con e-parent\" data-id=\"9835eae\" data-element_type=\"container\" data-e-type=\"container\">\n\t\t\t\t\t<div class=\"e-con-inner\">\n\t\t\t\t<div class=\"elementor-element elementor-element-caf4343 elementor-widget elementor-widget-heading\" data-id=\"caf4343\" data-element_type=\"widget\" data-e-type=\"widget\" data-widget_type=\"heading.default\">\n\t\t\t\t<div class=\"elementor-widget-container\">\n\t\t\t\t\t<h4 class=\"elementor-heading-title elementor-size-default\">Mire j\u00f3 a kuty\u00e1s sport, avagy a rendszeres testmozg\u00e1s?<\/h4>\t\t\t\t<\/div>\n\t\t\t\t<\/div>\n\t\t\t\t\t<\/div>\n\t\t\t\t<\/div>\n\t\t<div class=\"elementor-element elementor-element-1561266 e-flex e-con-boxed e-con e-parent\" data-id=\"1561266\" data-element_type=\"container\" data-e-type=\"container\">\n\t\t\t\t\t<div class=\"e-con-inner\">\n\t\t\t\t<div class=\"elementor-element elementor-element-b24005f elementor-widget elementor-widget-text-editor\" data-id=\"b24005f\" data-element_type=\"widget\" data-e-type=\"widget\" data-widget_type=\"text-editor.default\">\n\t\t\t\t<div class=\"elementor-widget-container\">\n\t\t\t\t\t\t\t\t\t<p>A rendszeres testmozg\u00e1s (pl: napi s\u00e9ta, fut\u00e1s) jav\u00edtja a k\u00f6z\u00e9rzetet, alapvet\u0151 fontoss\u00e1g\u00fa az eg\u00e9szs\u00e9g hossz\u00fa t\u00e1v\u00fa meg\u0151rz\u00e9s\u00e9hez embernek \u00e9s kuty\u00e1nak egyar\u00e1nt.<\/p><p>A kutya \u00e9letkor\u00e1nak, fajt\u00e1j\u00e1nak, karakter\u00e9nek \u00e9s fizikai alkalmass\u00e1g\u00e1nak megfelel\u0151 rendszeres testmozg\u00e1ssal biztos\u00edthatja, hogy kedvence ment\u00e1lis figyelme \u00e9s fizikai fitts\u00e9ge eg\u00e9sz \u00e9lete sor\u00e1n megfelel\u0151 legyen.<\/p><p>A kuty\u00e1nak \u00e9letkort\u00f3l f\u00fcggetlen\u00fcl testmozg\u00e1sra van sz\u00fcks\u00e9ge, hogy levezesse az energi\u00e1it \u00e9s kikapcsol\u00f3djon.<\/p><p>Ha kedvence nem tudja levezetni az energi\u00e1it, akkor valamilyen <a href=\"https:\/\/koborlopanzio.hu\/?p=180\">rossz viselked\u00e9st<\/a> vehet fel.<\/p><p>A testmozg\u00e1s \u00e9s a j\u00e1t\u00e9k rendk\u00edv\u00fcl fontos a kutya ment\u00e1lis lef\u00e1raszt\u00e1s\u00e1hoz, az izomt\u00f6meg\u00e9nek megtart\u00e1s\u00e1hoz, valamint a s\u00falyfelesleg elker\u00fcl\u00e9s\u00e9hez is.<\/p><p>Szoci\u00e1lis k\u00e9szs\u00e9geket \u00e9s fegyelmet tan\u00edt neki, er\u0151s\u00edti a gazd\u00e1ja ir\u00e1nti k\u00f6tel\u00e9ket.<\/p>\t\t\t\t\t\t\t\t<\/div>\n\t\t\t\t<\/div>\n\t\t\t\t\t<\/div>\n\t\t\t\t<\/div>\n\t\t<div class=\"elementor-element elementor-element-9f3b399 e-flex e-con-boxed e-con e-parent\" data-id=\"9f3b399\" data-element_type=\"container\" data-e-type=\"container\">\n\t\t\t\t\t<div class=\"e-con-inner\">\n\t\t<div class=\"elementor-element elementor-element-4066590 e-con-full e-flex e-con e-child\" data-id=\"4066590\" data-element_type=\"container\" data-e-type=\"container\">\n\t\t\t\t<div class=\"elementor-element elementor-element-855a59f elementor-widget elementor-widget-image\" data-id=\"855a59f\" data-element_type=\"widget\" data-e-type=\"widget\" data-widget_type=\"image.default\">\n\t\t\t\t<div class=\"elementor-widget-container\">\n\t\t\t\t\t\t\t\t\t\t\t\t<figure class=\"wp-caption\">\n\t\t\t\t\t\t\t\t\t\t<img fetchpriority=\"high\" decoding=\"async\" width=\"640\" height=\"480\" src=\"https:\/\/koborlopanzio.hu\/wp-content\/uploads\/2024\/09\/Kuszko-frizbi-1024x768.jpg\" class=\"attachment-large size-large wp-image-65\" alt=\"\" srcset=\"https:\/\/koborlopanzio.hu\/wp-content\/uploads\/2024\/09\/Kuszko-frizbi-1024x768.jpg 1024w, https:\/\/koborlopanzio.hu\/wp-content\/uploads\/2024\/09\/Kuszko-frizbi-300x225.jpg 300w, https:\/\/koborlopanzio.hu\/wp-content\/uploads\/2024\/09\/Kuszko-frizbi-768x576.jpg 768w, https:\/\/koborlopanzio.hu\/wp-content\/uploads\/2024\/09\/Kuszko-frizbi-1536x1152.jpg 1536w, https:\/\/koborlopanzio.hu\/wp-content\/uploads\/2024\/09\/Kuszko-frizbi.jpg 1728w\" sizes=\"(max-width: 640px) 100vw, 640px\" \/>\t\t\t\t\t\t\t\t\t\t\t<figcaption class=\"widget-image-caption wp-caption-text\">Kuty\u00e1mmal, Kuszk\u00f3val frizbiz\u00fcnk<\/figcaption>\n\t\t\t\t\t\t\t\t\t\t<\/figure>\n\t\t\t\t\t\t\t\t\t<\/div>\n\t\t\t\t<\/div>\n\t\t\t\t<\/div>\n\t\t<div class=\"elementor-element elementor-element-033dffb e-con-full e-flex e-con e-child\" data-id=\"033dffb\" data-element_type=\"container\" data-e-type=\"container\">\n\t\t\t\t<div class=\"elementor-element elementor-element-c08cabb elementor-widget elementor-widget-image\" data-id=\"c08cabb\" data-element_type=\"widget\" data-e-type=\"widget\" data-widget_type=\"image.default\">\n\t\t\t\t<div class=\"elementor-widget-container\">\n\t\t\t\t\t\t\t\t\t\t\t\t<figure class=\"wp-caption\">\n\t\t\t\t\t\t\t\t\t\t<img decoding=\"async\" width=\"640\" height=\"480\" src=\"https:\/\/koborlopanzio.hu\/wp-content\/uploads\/2024\/09\/Spuri-frizbi-1024x768.jpg\" class=\"attachment-large size-large wp-image-66\" alt=\"\" srcset=\"https:\/\/koborlopanzio.hu\/wp-content\/uploads\/2024\/09\/Spuri-frizbi-1024x768.jpg 1024w, https:\/\/koborlopanzio.hu\/wp-content\/uploads\/2024\/09\/Spuri-frizbi-300x225.jpg 300w, https:\/\/koborlopanzio.hu\/wp-content\/uploads\/2024\/09\/Spuri-frizbi-768x576.jpg 768w, https:\/\/koborlopanzio.hu\/wp-content\/uploads\/2024\/09\/Spuri-frizbi-1536x1152.jpg 1536w, https:\/\/koborlopanzio.hu\/wp-content\/uploads\/2024\/09\/Spuri-frizbi.jpg 1728w\" sizes=\"(max-width: 640px) 100vw, 640px\" \/>\t\t\t\t\t\t\t\t\t\t\t<figcaption class=\"widget-image-caption wp-caption-text\">Spuri kuty\u00e1m az akrobatikus mozdulatokat gyakorolja<\/figcaption>\n\t\t\t\t\t\t\t\t\t\t<\/figure>\n\t\t\t\t\t\t\t\t\t<\/div>\n\t\t\t\t<\/div>\n\t\t\t\t<\/div>\n\t\t\t\t\t<\/div>\n\t\t\t\t<\/div>\n\t\t<div class=\"elementor-element elementor-element-e3c43ce e-flex e-con-boxed e-con e-parent\" data-id=\"e3c43ce\" data-element_type=\"container\" data-e-type=\"container\">\n\t\t\t\t\t<div class=\"e-con-inner\">\n\t\t\t\t<div class=\"elementor-element elementor-element-4407f2f elementor-widget elementor-widget-heading\" data-id=\"4407f2f\" data-element_type=\"widget\" data-e-type=\"widget\" data-widget_type=\"heading.default\">\n\t\t\t\t<div class=\"elementor-widget-container\">\n\t\t\t\t\t<h4 class=\"elementor-heading-title elementor-size-default\">Kuty\u00e1s frizbi tr\u00e9ning<\/h4>\t\t\t\t<\/div>\n\t\t\t\t<\/div>\n\t\t\t\t\t<\/div>\n\t\t\t\t<\/div>\n\t\t<div class=\"elementor-element elementor-element-5ab8e93 e-flex e-con-boxed e-con e-parent\" data-id=\"5ab8e93\" data-element_type=\"container\" data-e-type=\"container\">\n\t\t\t\t\t<div class=\"e-con-inner\">\n\t\t\t\t<div class=\"elementor-element elementor-element-b282b25 elementor-widget elementor-widget-text-editor\" data-id=\"b282b25\" data-element_type=\"widget\" data-e-type=\"widget\" data-widget_type=\"text-editor.default\">\n\t\t\t\t<div class=\"elementor-widget-container\">\n\t\t\t\t\t\t\t\t\t<p>A kuty\u00e1k alapvet\u0151 tulajdons\u00e1ga az apportk\u00e9szs\u00e9g, vagyis a legt\u00f6bb kutya kifullad\u00e1sig k\u00e9pes a gazd\u00e1ja \u00e1ltal eldobott labd\u00e1t, t\u00e1rgyat \u00fajra \u00e9s \u00fajra visszahozni. Ez a tulajdons\u00e1g alapozza meg, hogy <strong>a frizbi kiv\u00e1l\u00f3 j\u00e1t\u00e9k- \u00e9s egyben intenz\u00edv mozg\u00e1slehet\u0151s\u00e9get ny\u00fajt kuty\u00e1inknak.<\/strong><br \/>Ennek a sportnak nagy el\u0151nye, hogy csak kutya \u00e9s n\u00e9h\u00e1ny speci\u00e1lis korong kell hozz\u00e1. A kutya-frizbi (dogfrisbee) olyan anyagb\u00f3l k\u00e9sz\u00fcl, ami nem t\u00f6rik \u00e9s nem okoz s\u00e9r\u00fcl\u00e9st a kuty\u00e1nak.<\/p><p><strong>Frizbizni b\u00e1rhol lehet, ahol a dob\u00e1shoz elegend\u0151 hely \u00e1ll rendelkez\u00e9sre.<\/strong> <\/p><p><strong>A j\u00e1t\u00e9k l\u00e9nyege, hogy a kutya m\u00e9g a leveg\u0151ben elkapja a korongot \u00e9s visszavigye a gazd\u00e1hoz.<\/strong> <\/p><p>A legt\u00f6bb kutya mag\u00e1t\u00f3l r\u00e1j\u00f6n, hogy m\u00e9g izgalmasabb a j\u00e1t\u00e9k, ha felugrik \u00e9s a leveg\u0151b\u0151l vad\u00e1ssza le a frizbit. Ebb\u0151l azt\u00e1n l\u00e1tv\u00e1nyos akrobatikus mutatv\u00e1nyok sz\u00fcletnek. <\/p><p>Ez a j\u00e1t\u00e9kos sport kiv\u00e1l\u00f3an alkalmas a napi mozg\u00e1s mellett folyamatos edz\u00e9sre \u00e9s er\u0151nl\u00e9tben tart\u00e1sra.<br \/>Hogy miben rejlik a\u00a0 frizbi var\u00e1zsa? Abban, hogy b\u00e1rmilyen kuty\u00e1val j\u00e1tszhat\u00f3, aki szeret futni, ugr\u00e1lni. R\u00e1ad\u00e1sul gazd\u00e1nak \u00e9s kuty\u00e1nak egyar\u00e1nt egy \u00fajabb fantasztikus \u00e9lm\u00e9ny lesz az egy\u00fctt t\u00f6lt\u00f6tt id\u0151.<\/p><p>Legyen k\u00f6r\u00fcltekint\u0151 \u00e9s ne essen t\u00falz\u00e1sokba! Figyelje kuty\u00e1ja jelz\u00e9seit, hogy viseli az \u00faj tev\u00e9kenys\u00e9gszintet (pl.: t\u00falhev\u00fcl? nehezen l\u00e9legzik, fullad?). <br \/>Az emberhez hasonl\u00f3an a kuty\u00e1nak is id\u0151re lehet sz\u00fcks\u00e9ge, hogy alkalmazkodjon az \u00faj kih\u00edv\u00e1sokhoz.<br \/>A j\u00e1t\u00e9kban is maradjon felel\u0151ss\u00e9gteljes!<\/p><p><strong>A frizbi \u00f3r\u00e1r\u00f3l minden esetben telefonon \u00e9rdekl\u0151dj\u00f6n!<\/strong><\/p>\t\t\t\t\t\t\t\t<\/div>\n\t\t\t\t<\/div>\n\t\t\t\t\t<\/div>\n\t\t\t\t<\/div>\n\t\t<div class=\"elementor-element elementor-element-7dd9ce0 e-flex e-con-boxed e-con e-parent\" data-id=\"7dd9ce0\" data-element_type=\"container\" data-e-type=\"container\">\n\t\t\t\t\t<div class=\"e-con-inner\">\n\t\t\t\t<div class=\"elementor-element elementor-element-e62b495 elementor-align-center elementor-widget elementor-widget-button\" data-id=\"e62b495\" data-element_type=\"widget\" data-e-type=\"widget\" data-widget_type=\"button.default\">\n\t\t\t\t<div class=\"elementor-widget-container\">\n\t\t\t\t\t\t\t\t\t<div class=\"elementor-button-wrapper\">\n\t\t\t\t\t<a class=\"elementor-button elementor-button-link elementor-size-sm\" href=\"tel:+36309070797\">\n\t\t\t\t\t\t<span class=\"elementor-button-content-wrapper\">\n\t\t\t\t\t\t\t\t\t<span class=\"elementor-button-text\">Telefon\u00e1lok!<\/span>\n\t\t\t\t\t<\/span>\n\t\t\t\t\t<\/a>\n\t\t\t\t<\/div>\n\t\t\t\t\t\t\t\t<\/div>\n\t\t\t\t<\/div>\n\t\t\t\t\t<\/div>\n\t\t\t\t<\/div>\n\t\t\t\t<\/div>\n\t\t","protected":false},"excerpt":{"rendered":"<p>Mire j\u00f3 a kuty\u00e1s sport, avagy a rendszeres testmozg\u00e1s? A rendszeres testmozg\u00e1s (pl: napi s\u00e9ta, fut\u00e1s) jav\u00edtja a k\u00f6z\u00e9rzetet, alapvet\u0151 fontoss\u00e1g\u00fa az eg\u00e9szs\u00e9g hossz\u00fa t\u00e1v\u00fa meg\u0151rz\u00e9s\u00e9hez embernek \u00e9s kuty\u00e1nak egyar\u00e1nt. A kutya \u00e9letkor\u00e1nak, fajt\u00e1j\u00e1nak, karakter\u00e9nek \u00e9s fizikai alkalmass\u00e1g\u00e1nak megfelel\u0151 rendszeres testmozg\u00e1ssal biztos\u00edthatja, hogy kedvence ment\u00e1lis figyelme \u00e9s fizikai fitts\u00e9ge eg\u00e9sz \u00e9lete sor\u00e1n megfelel\u0151 legyen. A [&hellip;]<\/p>\n","protected":false},"author":1,"featured_media":0,"parent":0,"menu_order":0,"comment_status":"closed","ping_status":"closed","template":"","meta":{"footnotes":""},"class_list":["post-55","page","type-page","status-publish","hentry"],"_links":{"self":[{"href":"https:\/\/koborlopanzio.hu\/index.php?rest_route=\/wp\/v2\/pages\/55","targetHints":{"allow":["GET"]}}],"collection":[{"href":"https:\/\/koborlopanzio.hu\/index.php?rest_route=\/wp\/v2\/pages"}],"about":[{"href":"https:\/\/koborlopanzio.hu\/index.php?rest_route=\/wp\/v2\/types\/page"}],"author":[{"embeddable":true,"href":"https:\/\/koborlopanzio.hu\/index.php?rest_route=\/wp\/v2\/users\/1"}],"replies":[{"embeddable":true,"href":"https:\/\/koborlopanzio.hu\/index.php?rest_route=%2Fwp%2Fv2%2Fcomments&post=55"}],"version-history":[{"count":25,"href":"https:\/\/koborlopanzio.hu\/index.php?rest_route=\/wp\/v2\/pages\/55\/revisions"}],"predecessor-version":[{"id":211,"href":"https:\/\/koborlopanzio.hu\/index.php?rest_route=\/wp\/v2\/pages\/55\/revisions\/211"}],"wp:attachment":[{"href":"https:\/\/koborlopanzio.hu\/index.php?rest_route=%2Fwp%2Fv2%2Fmedia&parent=55"}],"curies":[{"name":"wp","href":"https:\/\/api.w.org\/{rel}","templated":true}]}}