{"id":29,"date":"2024-09-07T16:21:37","date_gmt":"2024-09-07T15:21:37","guid":{"rendered":"https:\/\/koborlopanzio.hu\/?page_id=29"},"modified":"2024-09-13T10:33:33","modified_gmt":"2024-09-13T09:33:33","slug":"szolgaltatasok","status":"publish","type":"page","link":"https:\/\/koborlopanzio.hu\/?page_id=29","title":{"rendered":"KUTYAPANZI\u00d3"},"content":{"rendered":"\t\t<div data-elementor-type=\"wp-page\" data-elementor-id=\"29\" class=\"elementor elementor-29\">\n\t\t\t\t<div class=\"elementor-element elementor-element-dd70d9c e-flex e-con-boxed e-con e-parent\" data-id=\"dd70d9c\" data-element_type=\"container\" data-e-type=\"container\">\n\t\t\t\t\t<div class=\"e-con-inner\">\n\t\t\t\t<div class=\"elementor-element elementor-element-eaaa1c3 elementor-widget elementor-widget-heading\" data-id=\"eaaa1c3\" data-element_type=\"widget\" data-e-type=\"widget\" data-widget_type=\"heading.default\">\n\t\t\t\t<div class=\"elementor-widget-container\">\n\t\t\t\t\t<h4 class=\"elementor-heading-title elementor-size-default\">Kutyapanzi\u00f3s ell\u00e1t\u00e1s<\/h4>\t\t\t\t<\/div>\n\t\t\t\t<\/div>\n\t\t\t\t\t<\/div>\n\t\t\t\t<\/div>\n\t\t<div class=\"elementor-element elementor-element-f38dd98 e-flex e-con-boxed e-con e-parent\" data-id=\"f38dd98\" data-element_type=\"container\" data-e-type=\"container\">\n\t\t\t\t\t<div class=\"e-con-inner\">\n\t\t\t\t<div class=\"elementor-element elementor-element-f36e035 elementor-widget elementor-widget-text-editor\" data-id=\"f36e035\" data-element_type=\"widget\" data-e-type=\"widget\" data-widget_type=\"text-editor.default\">\n\t\t\t\t<div class=\"elementor-widget-container\">\n\t\t\t\t\t\t\t\t\t<p>Kutyapanzi\u00f3nkban szeretettel v\u00e1rjuk a kisebb \u00e9s nagyobb test\u0171 kuty\u00e1kat, legyen az \u00e1lland\u00f3 mozg\u00e1sban l\u00e9v\u0151 vagy b\u00e9k\u00e9s t\u00edpus.<br \/>A kuty\u00e1k a panzi\u00f3s itt l\u00e9t\u00fck alatt nyugodt, csal\u00e1dias k\u00f6rnyezetben \u00e9lnek, l\u00e9nyeg\u00e9ben, mintha a saj\u00e1t kuty\u00e1im lenn\u00e9nek.<br \/><strong>Kis l\u00e9tsz\u00e1m\u00fa panzi\u00f3nk jelenleg 5-10 kutya befogad\u00e1s\u00e1ra alkalmas.<\/strong><\/p><p>\u00dagy alak\u00edtottuk ki a bels\u0151 \u00e9s k\u00fcls\u0151 tereket, hogy minden kutyavend\u00e9g\u00fcnk tal\u00e1ljon mag\u00e1nak olyan helyet, ahol j\u00f3l \u00e9rzi mag\u00e1t. Kutyapanzi\u00f3nk rendelkezik az etet\u00e9shez-itat\u00e1shoz sz\u00fcks\u00e9ges t\u00e1lakkal, \u00e1gyakkal, takar\u00f3kkal, j\u00e1t\u00e9kokkal \u00e9s kennelekkel.<\/p><p>Viselked\u00e9ster\u00e1pi\u00e1s szakemberk\u00e9nt teljes biztons\u00e1ggal meg tudom \u00e1llap\u00edtani, mely kuty\u00e1kat engedhetj\u00fck \u00f6ssze. <br \/><strong>Nem marad fel\u00fcgyelet n\u00e9lk\u00fcl egyetlen kutya sem<\/strong>, mik\u00f6zben kicsik \u00e9s nagyok egy\u00fctt, szabadon t\u00f6ltik a nap legnagyobb r\u00e9sz\u00e9t.<br \/>Elker\u00edtett ter\u00fcletek \u00e1llnak rendelkez\u00e9sre a j\u00e1t\u00e9khoz, mozg\u00e1shoz.<br \/>Kiemelt figyelmet ford\u00edtunk arra, hogy ez az egy\u00fctt l\u00e9tez\u00e9s kellemes legyen minden itt lak\u00f3nak.<\/p><p><strong>A legnagyobb f\u00f3kuszt napk\u00f6zben arra fektetem, hogy szocializ\u00e1lts\u00e1gukban fejlesszem a n\u00e1lunk vend\u00e9gesked\u0151 kuty\u00e1kat<\/strong>. \u00cdgy a gazdi kedvence ak\u00e1r akkor is tanul, am\u00edg \u0150 nyaral.<br \/>(Az \u00e1tlagos egy\u00fctt t\u00f6lt\u00f6tt id\u0151nk <a href=\"https:\/\/koborlopanzio.hu\/?p=180\">viselked\u00e9sprobl\u00e9m\u00e1s kutya<\/a> eset\u00e9n v\u00e1ltozhat.)<br \/>Ig\u00e9nyeiknek megfelel\u0151en tartjuk a kuty\u00e1kat, ez\u00e9rt <strong>akt\u00edv a panzi\u00f3, vagyis napk\u00f6zben egy nagyobb s\u00e9t\u00e1ra vagy t\u00far\u00e1ra viszem ki \u0151ket a term\u00e9szetbe.<\/strong><\/p>\t\t\t\t\t\t\t\t<\/div>\n\t\t\t\t<\/div>\n\t\t\t\t\t<\/div>\n\t\t\t\t<\/div>\n\t\t<div class=\"elementor-element elementor-element-3586ca4 e-flex e-con-boxed e-con e-parent\" data-id=\"3586ca4\" data-element_type=\"container\" data-e-type=\"container\">\n\t\t\t\t\t<div class=\"e-con-inner\">\n\t\t\t\t<div class=\"elementor-element elementor-element-0e1f779 elementor-widget elementor-widget-image\" data-id=\"0e1f779\" data-element_type=\"widget\" data-e-type=\"widget\" data-widget_type=\"image.default\">\n\t\t\t\t<div class=\"elementor-widget-container\">\n\t\t\t\t\t\t\t\t\t\t\t\t<figure class=\"wp-caption\">\n\t\t\t\t\t\t\t\t\t\t<img fetchpriority=\"high\" decoding=\"async\" width=\"640\" height=\"480\" src=\"https:\/\/koborlopanzio.hu\/wp-content\/uploads\/2024\/09\/seta-Spurival-1024x768.jpg\" class=\"attachment-large size-large wp-image-161\" alt=\"\" srcset=\"https:\/\/koborlopanzio.hu\/wp-content\/uploads\/2024\/09\/seta-Spurival-1024x768.jpg 1024w, https:\/\/koborlopanzio.hu\/wp-content\/uploads\/2024\/09\/seta-Spurival-300x225.jpg 300w, https:\/\/koborlopanzio.hu\/wp-content\/uploads\/2024\/09\/seta-Spurival-768x576.jpg 768w, https:\/\/koborlopanzio.hu\/wp-content\/uploads\/2024\/09\/seta-Spurival-1536x1152.jpg 1536w, https:\/\/koborlopanzio.hu\/wp-content\/uploads\/2024\/09\/seta-Spurival.jpg 2048w\" sizes=\"(max-width: 640px) 100vw, 640px\" \/>\t\t\t\t\t\t\t\t\t\t\t<figcaption class=\"widget-image-caption wp-caption-text\">Napi s\u00e9ta a kutyapanzi\u00f3b\u00f3l a term\u00e9szetbe.<\/figcaption>\n\t\t\t\t\t\t\t\t\t\t<\/figure>\n\t\t\t\t\t\t\t\t\t<\/div>\n\t\t\t\t<\/div>\n\t\t\t\t\t<\/div>\n\t\t\t\t<\/div>\n\t\t<div class=\"elementor-element elementor-element-d337ced e-flex e-con-boxed e-con e-parent\" data-id=\"d337ced\" data-element_type=\"container\" data-e-type=\"container\">\n\t\t\t\t\t<div class=\"e-con-inner\">\n\t\t\t\t<div class=\"elementor-element elementor-element-3c9366c elementor-widget elementor-widget-heading\" data-id=\"3c9366c\" data-element_type=\"widget\" data-e-type=\"widget\" data-widget_type=\"heading.default\">\n\t\t\t\t<div class=\"elementor-widget-container\">\n\t\t\t\t\t<h4 class=\"elementor-heading-title elementor-size-default\">Amit a kutyapanzi\u00f3ba \u00e9rkez\u00e9s el\u0151tt felt\u00e9tlen\u00fcl tudni kell a gazd\u00e1nak<\/h4>\t\t\t\t<\/div>\n\t\t\t\t<\/div>\n\t\t\t\t\t<\/div>\n\t\t\t\t<\/div>\n\t\t<div class=\"elementor-element elementor-element-880381f e-flex e-con-boxed e-con e-parent\" data-id=\"880381f\" data-element_type=\"container\" data-e-type=\"container\">\n\t\t\t\t\t<div class=\"e-con-inner\">\n\t\t\t\t<div class=\"elementor-element elementor-element-845560e elementor-widget elementor-widget-text-editor\" data-id=\"845560e\" data-element_type=\"widget\" data-e-type=\"widget\" data-widget_type=\"text-editor.default\">\n\t\t\t\t<div class=\"elementor-widget-container\">\n\t\t\t\t\t\t\t\t\t<ul><li>K\u00e9rj\u00fck, minden esetben hozza mag\u00e1val a kutya olt\u00e1si k\u00f6nyv\u00e9t, illetve \u00fatlevel\u00e9t! Ezt ellen\u0151rizz\u00fck \u00e9s n\u00e1lunk marad, am\u00edg a kutya a panzi\u00f3ban van.<\/li><li>Csak chipezett, veszetts\u00e9g ellen \u00e9s kombin\u00e1lt olt\u00e1ssal beoltott kuty\u00e1t tudunk fogadni.<\/li><li>Fontos, hogy a kutya v\u00e9dve legyen bolha, sz\u00fanyog, kullancs \u00e9s bels\u0151 parazit\u00e1k ellen. (Amennyiben ez nem t\u00f6rt\u00e9nt meg, a helysz\u00ednen, kedvezm\u00e9nyes \u00e1ron kezelhetj\u00fck.)<\/li><li>K\u00e9rj\u00fck, hozza mag\u00e1val a kutya nyak\u00f6rv\u00e9t is!<\/li><li>Amennyiben a kuty\u00e1ja ragaszkodik valamilyen megszokott t\u00e1rgyhoz, legyen az egy j\u00e1t\u00e9k vagy takar\u00f3, term\u00e9szetesen el lehet hozni, hogy kedvence otthonosabban \u00e9rezze mag\u00e1t.<\/li><li>Saj\u00e1t t\u00e1pot hozzon, hogy az itt tartozk\u00f3d\u00e1s ideje alatt elker\u00fclj\u00fck a t\u00e1pv\u00e1lt\u00e1sb\u00f3l ad\u00f3d\u00f3 esetleges probl\u00e9m\u00e1kat (pl: allergia, hasmen\u00e9s).<\/li><li><strong>Ivaros szuk\u00e1t t\u00fczel\u00e9si id\u0151szakban nem tudunk fogadni!<\/strong><\/li><\/ul>\t\t\t\t\t\t\t\t<\/div>\n\t\t\t\t<\/div>\n\t\t\t\t\t<\/div>\n\t\t\t\t<\/div>\n\t\t<div class=\"elementor-element elementor-element-27a640f e-flex e-con-boxed e-con e-parent\" data-id=\"27a640f\" data-element_type=\"container\" data-e-type=\"container\">\n\t\t\t\t\t<div class=\"e-con-inner\">\n\t\t\t\t<div class=\"elementor-element elementor-element-831c0b0 elementor-widget elementor-widget-heading\" data-id=\"831c0b0\" data-element_type=\"widget\" data-e-type=\"widget\" data-widget_type=\"heading.default\">\n\t\t\t\t<div class=\"elementor-widget-container\">\n\t\t\t\t\t<h4 class=\"elementor-heading-title elementor-size-default\">A kutyapanzi\u00f3s ell\u00e1t\u00e1s \u00e1ra<\/h4>\t\t\t\t<\/div>\n\t\t\t\t<\/div>\n\t\t\t\t\t<\/div>\n\t\t\t\t<\/div>\n\t\t<div class=\"elementor-element elementor-element-cea6755 e-flex e-con-boxed e-con e-parent\" data-id=\"cea6755\" data-element_type=\"container\" data-e-type=\"container\">\n\t\t\t\t\t<div class=\"e-con-inner\">\n\t\t\t\t<div class=\"elementor-element elementor-element-2eefebc elementor-widget elementor-widget-text-editor\" data-id=\"2eefebc\" data-element_type=\"widget\" data-e-type=\"widget\" data-widget_type=\"text-editor.default\">\n\t\t\t\t<div class=\"elementor-widget-container\">\n\t\t\t\t\t\t\t\t\t<p>Az els\u0151 alkalmat egy ingyenes megn\u00e9z\u00e9s el\u0151zi meg a panzi\u00f3 helysz\u00edn\u00e9n. A szem\u00e9lyes tal\u00e1lkoz\u00e1s lehet\u0151v\u00e9 teszi, hogy mindannyian megismerj\u00fck egym\u00e1st \u00e9s tiszt\u00e1zzuk a felmer\u00fcl\u0151 k\u00e9rd\u00e9seket. Ezzel megalapozzuk azt is, hogy a kutya a panzi\u00f3s ell\u00e1t\u00e1s els\u0151 napj\u00e1n m\u00e1r ismer\u0151s k\u00f6rnyezetbe \u00e9rkezzen \u00e9s k\u00f6nnyed\u00e9n viselje a gazd\u00e1j\u00e1t\u00f3l val\u00f3 elv\u00e1l\u00e1st.<\/p><p><strong>A kutyapanzi\u00f3 \u00e1ra: 8.000,-forint\/kutya\/nap<\/strong><\/p><p><strong>Hossz\u00fa t\u00e1v\u00fa panzi\u00f3s ell\u00e1t\u00e1sra is van lehet\u0151s\u00e9g egy\u00e9ni megegyez\u00e9s szerint.<\/strong><\/p><p>(Amennyiben utols\u00f3 nap 12:00 \u00f3ra el\u0151tt j\u00f6n kedvenc\u00e9\u00e9rt, azt a napot nem sz\u00e1m\u00edtjuk fel.)<\/p>\t\t\t\t\t\t\t\t<\/div>\n\t\t\t\t<\/div>\n\t\t\t\t\t<\/div>\n\t\t\t\t<\/div>\n\t\t<div class=\"elementor-element elementor-element-4a112e9 e-flex e-con-boxed e-con e-parent\" data-id=\"4a112e9\" data-element_type=\"container\" data-e-type=\"container\">\n\t\t\t\t\t<div class=\"e-con-inner\">\n\t\t\t\t<div class=\"elementor-element elementor-element-11ef4e0 elementor-align-center elementor-widget elementor-widget-button\" data-id=\"11ef4e0\" data-element_type=\"widget\" data-e-type=\"widget\" data-widget_type=\"button.default\">\n\t\t\t\t<div class=\"elementor-widget-container\">\n\t\t\t\t\t\t\t\t\t<div class=\"elementor-button-wrapper\">\n\t\t\t\t\t<a class=\"elementor-button elementor-button-link elementor-size-sm\" href=\"https:\/\/koborlopanzio.hu\/?page_id=40\">\n\t\t\t\t\t\t<span class=\"elementor-button-content-wrapper\">\n\t\t\t\t\t\t\t\t\t<span class=\"elementor-button-text\">\u00c9rdekel!<\/span>\n\t\t\t\t\t<\/span>\n\t\t\t\t\t<\/a>\n\t\t\t\t<\/div>\n\t\t\t\t\t\t\t\t<\/div>\n\t\t\t\t<\/div>\n\t\t\t\t\t<\/div>\n\t\t\t\t<\/div>\n\t\t\t\t<\/div>\n\t\t","protected":false},"excerpt":{"rendered":"<p>Kutyapanzi\u00f3s ell\u00e1t\u00e1s Kutyapanzi\u00f3nkban szeretettel v\u00e1rjuk a kisebb \u00e9s nagyobb test\u0171 kuty\u00e1kat, legyen az \u00e1lland\u00f3 mozg\u00e1sban l\u00e9v\u0151 vagy b\u00e9k\u00e9s t\u00edpus.A kuty\u00e1k a panzi\u00f3s itt l\u00e9t\u00fck alatt nyugodt, csal\u00e1dias k\u00f6rnyezetben \u00e9lnek, l\u00e9nyeg\u00e9ben, mintha a saj\u00e1t kuty\u00e1im lenn\u00e9nek.Kis l\u00e9tsz\u00e1m\u00fa panzi\u00f3nk jelenleg 5-10 kutya befogad\u00e1s\u00e1ra alkalmas. \u00dagy alak\u00edtottuk ki a bels\u0151 \u00e9s k\u00fcls\u0151 tereket, hogy minden kutyavend\u00e9g\u00fcnk tal\u00e1ljon mag\u00e1nak [&hellip;]<\/p>\n","protected":false},"author":1,"featured_media":0,"parent":0,"menu_order":0,"comment_status":"closed","ping_status":"closed","template":"","meta":{"footnotes":""},"class_list":["post-29","page","type-page","status-publish","hentry"],"_links":{"self":[{"href":"https:\/\/koborlopanzio.hu\/index.php?rest_route=\/wp\/v2\/pages\/29","targetHints":{"allow":["GET"]}}],"collection":[{"href":"https:\/\/koborlopanzio.hu\/index.php?rest_route=\/wp\/v2\/pages"}],"about":[{"href":"https:\/\/koborlopanzio.hu\/index.php?rest_route=\/wp\/v2\/types\/page"}],"author":[{"embeddable":true,"href":"https:\/\/koborlopanzio.hu\/index.php?rest_route=\/wp\/v2\/users\/1"}],"replies":[{"embeddable":true,"href":"https:\/\/koborlopanzio.hu\/index.php?rest_route=%2Fwp%2Fv2%2Fcomments&post=29"}],"version-history":[{"count":36,"href":"https:\/\/koborlopanzio.hu\/index.php?rest_route=\/wp\/v2\/pages\/29\/revisions"}],"predecessor-version":[{"id":244,"href":"https:\/\/koborlopanzio.hu\/index.php?rest_route=\/wp\/v2\/pages\/29\/revisions\/244"}],"wp:attachment":[{"href":"https:\/\/koborlopanzio.hu\/index.php?rest_route=%2Fwp%2Fv2%2Fmedia&parent=29"}],"curies":[{"name":"wp","href":"https:\/\/api.w.org\/{rel}","templated":true}]}}