{"id":2,"date":"2024-09-07T12:56:27","date_gmt":"2024-09-07T12:56:27","guid":{"rendered":"https:\/\/koborlopanzio.hu\/?page_id=2"},"modified":"2025-08-15T21:44:21","modified_gmt":"2025-08-15T20:44:21","slug":"sample-page","status":"publish","type":"page","link":"https:\/\/koborlopanzio.hu\/","title":{"rendered":"R\u00d3LAM"},"content":{"rendered":"\t\t<div data-elementor-type=\"wp-page\" data-elementor-id=\"2\" class=\"elementor elementor-2\">\n\t\t\t\t<div class=\"elementor-element elementor-element-966e5ca e-flex e-con-boxed e-con e-parent\" data-id=\"966e5ca\" data-element_type=\"container\" data-e-type=\"container\">\n\t\t\t\t\t<div class=\"e-con-inner\">\n\t\t\t\t<div class=\"elementor-element elementor-element-c780b35 elementor-widget elementor-widget-image\" data-id=\"c780b35\" data-element_type=\"widget\" data-e-type=\"widget\" data-widget_type=\"image.default\">\n\t\t\t\t<div class=\"elementor-widget-container\">\n\t\t\t\t\t\t\t\t\t\t\t\t\t\t\t<img fetchpriority=\"high\" decoding=\"async\" width=\"640\" height=\"481\" src=\"https:\/\/koborlopanzio.hu\/wp-content\/uploads\/2024\/09\/Balazs-1024x769.jpg\" class=\"attachment-large size-large wp-image-88\" alt=\"\" srcset=\"https:\/\/koborlopanzio.hu\/wp-content\/uploads\/2024\/09\/Balazs-1024x769.jpg 1024w, https:\/\/koborlopanzio.hu\/wp-content\/uploads\/2024\/09\/Balazs-300x225.jpg 300w, https:\/\/koborlopanzio.hu\/wp-content\/uploads\/2024\/09\/Balazs-768x576.jpg 768w, https:\/\/koborlopanzio.hu\/wp-content\/uploads\/2024\/09\/Balazs.jpg 1351w\" sizes=\"(max-width: 640px) 100vw, 640px\" \/>\t\t\t\t\t\t\t\t\t\t\t\t\t\t\t<\/div>\n\t\t\t\t<\/div>\n\t\t\t\t\t<\/div>\n\t\t\t\t<\/div>\n\t\t<div class=\"elementor-element elementor-element-4758213e e-flex e-con-boxed e-con e-parent\" data-id=\"4758213e\" data-element_type=\"container\" data-e-type=\"container\">\n\t\t\t\t\t<div class=\"e-con-inner\">\n\t\t\t\t<div class=\"elementor-element elementor-element-27d49772 elementor-widget elementor-widget-text-editor\" data-id=\"27d49772\" data-element_type=\"widget\" data-e-type=\"widget\" data-widget_type=\"text-editor.default\">\n\t\t\t\t<div class=\"elementor-widget-container\">\n\t\t\t\t\t\t\t\t\t<p><strong>K\u00f3bor Bal\u00e1zs<\/strong> vagyok, sz\u00edn\u00e9sz, okleveles kutya viselked\u00e9s-ter\u00e1pi\u00e1s oktat\u00f3 \u00e9s kutya-frizbi tr\u00e9ner. Emellett f\u00e9rj, apa, valamint h\u00e1rom kutya (Spuri, Kuszk\u00f3 \u00e9s Csicsi) gazd\u00e1ja.<\/p>\n<p>2019. \u00f3ta foglalkozom hivat\u00e1sszer\u0171en kuty\u00e1kkal. <br \/>El\u0151sz\u00f6r Budapest m\u00e1sodik ker\u00fclet\u00e9ben v\u00e1llaltam h\u00e1zhozj\u00e1r\u00e1sos oktat\u00e1st \u00e9s s\u00e9t\u00e1ltat\u00e1st.<\/p>\n<p>2022-t\u0151l egy\u00e9ni ter\u00e1pi\u00e1s folyamatokkal foglalkozom a legsz\u00edvesebben, azon bel\u00fcl pedig a viselked\u00e9sprobl\u00e9m\u00e1s kuty\u00e1k \u00e9s gazd\u00e1ik kapcsolat\u00e1nak jav\u00edt\u00e1s\u00e1val.<\/p>\n<p>Sz\u00edn\u00e9szk\u00e9nt tudom, milyen fontos a gyakorlati tapasztalat \u00e9s a kifejez\u0151k\u00e9pess\u00e9g.<\/p>\n<p>Ezt a tud\u00e1somat felhaszn\u00e1lva tan\u00edtom a kutya kommunik\u00e1ci\u00f3j\u00e1nak \u00e9rtelmez\u00e9s\u00e9t, a testmozg\u00e1s, az \u00f6nismeret, a k\u00f6vetkezetess\u00e9g, valamint az \u00f6nfejleszt\u00e9s fontoss\u00e1g\u00e1t az <a href=\"https:\/\/koborlopanzio.hu\/?page_id=49\">egy\u00e9ni ter\u00e1pi\u00e1s foglalkoz\u00e1sokon<\/a>.<\/p>\n<p>Szakmai egy\u00fcttm\u0171k\u00f6d\u00e9s keretein bel\u00fcl Budakeszin kutya-napk\u00f6ziztet\u00e9sben, \u00d3bud\u00e1n panzi\u00f3ztat\u00e1sban \u00e9s tr\u00e9ningez\u00e9sben veszek r\u00e9szt.<\/p>\n<p>A kutyasportok vil\u00e1g\u00e1ban is kipr\u00f3b\u00e1ltam magam. Ezek k\u00f6z\u00fcl a <a href=\"https:\/\/koborlopanzio.hu\/?page_id=55\">kuty\u00e1s frizbiben<\/a> tal\u00e1ltuk meg legink\u00e1bb a kuty\u00e1immal az \u00f6sszhangot.<\/p>\n<p>Mindezek mellett feles\u00e9gemmel, Gabival ideiglenes befogad\u00f3k\u00e9nt is tev\u00e9kenyked\u00fcnk, hogy seg\u00edts\u00fck a menhelyek munk\u00e1j\u00e1t \u00e9s egy jobb \u00e9letet biztos\u00edthassunk a r\u00e1szorul\u00f3 kuty\u00e1knak.<\/p>\n<p>2024-ben kezdt\u00fck el \u00fczemeltetni <a href=\"https:\/\/koborlopanzio.hu\/?page_id=29\">saj\u00e1t kutyapanzi\u00f3nkat<\/a> \u00c9rden. Ekkor m\u00e9g csak a bar\u00e1tok \u00e9s csal\u00e1dtagok kuty\u00e1it l\u00e1ttuk vend\u00e9g\u00fcl. 2025-ben megkaptuk a sz\u00fcks\u00e9ges \u00fczemeltet\u00e9si enged\u00e9lyeket, \u00edgy m\u00e1r b\u00e1rki sz\u00e1m\u00e1ra el\u00e9rhet\u0151v\u00e9 v\u00e1ltak szolg\u00e1ltat\u00e1saink.<\/p>\n<p><em>Valamennyi szolg\u00e1ltat\u00e1sunk sor\u00e1n alapszab\u00e1ly, hogy \u00fagy kell tiszteln\u00fcnk a kuty\u00e1kat, amik, nem pedig olyan emberk\u00f6zeli t\u00e1rsk\u00e9nt, akiket mi szeretn\u00e9nk faragni bel\u0151l\u00fck. A kuty\u00e1hoz f\u0171z\u0151d\u0151 igaz k\u00f6tel\u00e9k azt jelenti, hogy tisztelj\u00fck \u00e9s becs\u00fclj\u00fck \u00e1llati term\u00e9szet\u00e9t, miel\u0151tt elkezdj\u00fck bar\u00e1tk\u00e9nt, lelki t\u00e1rsk\u00e9nt vagy csal\u00e1dtagk\u00e9nt kezelni.<\/em><\/p>\n<p><!-- \/wp:paragraph --><\/p>\t\t\t\t\t\t\t\t<\/div>\n\t\t\t\t<\/div>\n\t\t\t\t\t<\/div>\n\t\t\t\t<\/div>\n\t\t\t\t<\/div>\n\t\t","protected":false},"excerpt":{"rendered":"<p>K\u00f3bor Bal\u00e1zs vagyok, sz\u00edn\u00e9sz, okleveles kutya viselked\u00e9s-ter\u00e1pi\u00e1s oktat\u00f3 \u00e9s kutya-frizbi tr\u00e9ner. Emellett f\u00e9rj, apa, valamint h\u00e1rom kutya (Spuri, Kuszk\u00f3 \u00e9s Csicsi) gazd\u00e1ja. 2019. \u00f3ta foglalkozom hivat\u00e1sszer\u0171en kuty\u00e1kkal. El\u0151sz\u00f6r Budapest m\u00e1sodik ker\u00fclet\u00e9ben v\u00e1llaltam h\u00e1zhozj\u00e1r\u00e1sos oktat\u00e1st \u00e9s s\u00e9t\u00e1ltat\u00e1st. 2022-t\u0151l egy\u00e9ni ter\u00e1pi\u00e1s folyamatokkal foglalkozom a legsz\u00edvesebben, azon bel\u00fcl pedig a viselked\u00e9sprobl\u00e9m\u00e1s kuty\u00e1k \u00e9s gazd\u00e1ik kapcsolat\u00e1nak jav\u00edt\u00e1s\u00e1val. Sz\u00edn\u00e9szk\u00e9nt tudom, [&hellip;]<\/p>\n","protected":false},"author":1,"featured_media":0,"parent":0,"menu_order":0,"comment_status":"closed","ping_status":"open","template":"","meta":{"footnotes":""},"class_list":["post-2","page","type-page","status-publish","hentry"],"_links":{"self":[{"href":"https:\/\/koborlopanzio.hu\/index.php?rest_route=\/wp\/v2\/pages\/2","targetHints":{"allow":["GET"]}}],"collection":[{"href":"https:\/\/koborlopanzio.hu\/index.php?rest_route=\/wp\/v2\/pages"}],"about":[{"href":"https:\/\/koborlopanzio.hu\/index.php?rest_route=\/wp\/v2\/types\/page"}],"author":[{"embeddable":true,"href":"https:\/\/koborlopanzio.hu\/index.php?rest_route=\/wp\/v2\/users\/1"}],"replies":[{"embeddable":true,"href":"https:\/\/koborlopanzio.hu\/index.php?rest_route=%2Fwp%2Fv2%2Fcomments&post=2"}],"version-history":[{"count":31,"href":"https:\/\/koborlopanzio.hu\/index.php?rest_route=\/wp\/v2\/pages\/2\/revisions"}],"predecessor-version":[{"id":252,"href":"https:\/\/koborlopanzio.hu\/index.php?rest_route=\/wp\/v2\/pages\/2\/revisions\/252"}],"wp:attachment":[{"href":"https:\/\/koborlopanzio.hu\/index.php?rest_route=%2Fwp%2Fv2%2Fmedia&parent=2"}],"curies":[{"name":"wp","href":"https:\/\/api.w.org\/{rel}","templated":true}]}}